{"id":101,"date":"2020-04-03T17:53:53","date_gmt":"2020-04-03T17:53:53","guid":{"rendered":"https:\/\/www.buergerverein-sundern.de\/?page_id=101"},"modified":"2024-09-21T06:35:49","modified_gmt":"2024-09-21T06:35:49","slug":"kontakt","status":"publish","type":"page","link":"https:\/\/www.buergerverein-sundern.de\/index.php\/kontakt\/","title":{"rendered":"Kontakt"},"content":{"rendered":"\n<p class=\"has-text-align-center\"><strong>B\u00fcrgerverein Sundern-G\u00fctersloh e.V<\/strong><\/p>\n\n\n\n<p class=\"has-text-align-center\"><em>Auf der Haar 108, 33332 G\u00fctersloh<\/em><\/p>\n\n\n\n<p class=\"has-text-align-center\"><em>Tel.: 05241 48619   <\/em><\/p>\n\n\n\n<p class=\"has-text-align-center\"><em>mail: info@buergerverein-sundern.de<\/em><\/p>\n\n\n\n<p class=\"has-text-align-center\"><em>NRW Deutschland<\/em><\/p>\n\n\n\n<p class=\"has-text-align-center\"><em>Konto: Volksbank in Ostwestfalen eG <\/em><\/p>\n\n\n\n<p class=\"has-text-align-center\"><em>DE 95 4786 0125 0059 2472 00<\/em><\/p>\n\n\n\n<p class=\"has-text-align-center has-blue-color has-text-color\"> Steuer-Nr. 351\/5913\/9349      <\/p>\n\n\n\n<p class=\"has-text-align-center has-blue-color has-text-color\">Gemeinn\u00fctzigkeit anerkannt!   <\/p>\n\n\n<div class=\"wp-block-image\">\n<figure class=\"aligncenter size-full\"><img loading=\"lazy\" decoding=\"async\" width=\"300\" height=\"198\" src=\"https:\/\/www.buergerverein-sundern.de\/wp-content\/uploads\/2022\/05\/Buergerverein-Sundern-neu23-1.jpg\" alt=\"\" class=\"wp-image-623\"\/><\/figure>\n<\/div>","protected":false},"excerpt":{"rendered":"<p>B\u00fcrgerverein Sundern-G\u00fctersloh e.V Auf der Haar 108, 33332 G\u00fctersloh Tel.: 05241 48619 mail: info@buergerverein-sundern.de NRW Deutschland Konto: Volksbank in Ostwestfalen eG DE 95 4786 0125 0059 2472 00 Steuer-Nr. 351\/5913\/9349 Gemeinn\u00fctzigkeit anerkannt!<\/p>\n","protected":false},"author":1,"featured_media":0,"parent":0,"menu_order":0,"comment_status":"closed","ping_status":"closed","template":"","meta":{"footnotes":""},"class_list":["post-101","page","type-page","status-publish","hentry"],"_links":{"self":[{"href":"https:\/\/www.buergerverein-sundern.de\/index.php\/wp-json\/wp\/v2\/pages\/101","targetHints":{"allow":["GET"]}}],"collection":[{"href":"https:\/\/www.buergerverein-sundern.de\/index.php\/wp-json\/wp\/v2\/pages"}],"about":[{"href":"https:\/\/www.buergerverein-sundern.de\/index.php\/wp-json\/wp\/v2\/types\/page"}],"author":[{"embeddable":true,"href":"https:\/\/www.buergerverein-sundern.de\/index.php\/wp-json\/wp\/v2\/users\/1"}],"replies":[{"embeddable":true,"href":"https:\/\/www.buergerverein-sundern.de\/index.php\/wp-json\/wp\/v2\/comments?post=101"}],"version-history":[{"count":9,"href":"https:\/\/www.buergerverein-sundern.de\/index.php\/wp-json\/wp\/v2\/pages\/101\/revisions"}],"predecessor-version":[{"id":1466,"href":"https:\/\/www.buergerverein-sundern.de\/index.php\/wp-json\/wp\/v2\/pages\/101\/revisions\/1466"}],"wp:attachment":[{"href":"https:\/\/www.buergerverein-sundern.de\/index.php\/wp-json\/wp\/v2\/media?parent=101"}],"curies":[{"name":"wp","href":"https:\/\/api.w.org\/{rel}","templated":true}]}}