{"id":136,"date":"2020-04-07T16:09:22","date_gmt":"2020-04-07T16:09:22","guid":{"rendered":"https:\/\/www.buergerverein-sundern.de\/?page_id=136"},"modified":"2026-04-02T15:56:13","modified_gmt":"2026-04-02T15:56:13","slug":"aktuelles","status":"publish","type":"page","link":"https:\/\/www.buergerverein-sundern.de\/index.php\/aktuelles\/","title":{"rendered":"Aktuelles!"},"content":{"rendered":"\n<p class=\"has-text-align-center has-text-color has-link-color has-large-font-size wp-elements-84067132f1d31bc63840d326a50b41c8\" style=\"color:#cc003f\"><strong><em>Herzlichen Gl\u00fcckwunsch <\/em><\/strong><\/p>\n\n\n\n<p class=\"has-text-align-center has-text-color has-link-color has-x-large-font-size wp-elements-dc3b4131975b6e8f7f82fdd4c9d537d4\" style=\"color:#cc0015\"><strong><em>zum <\/em><\/strong><\/p>\n\n\n\n<p class=\"has-text-align-center has-text-color has-link-color has-large-font-size wp-elements-926821279f4f65ca2c9fd07332e34fcd\" style=\"color:#cc0015\"><strong><em>Geburtstag!<\/em><\/strong><\/p>\n\n\n\n<p class=\"has-text-align-center has-text-color has-medium-font-size\" style=\"color:#b7122e\"><strong><em>Der Vorstand gratuliert seinen<\/em><\/strong><\/p>\n\n\n\n<p class=\"has-text-align-center has-text-color has-medium-font-size\" style=\"color:#b7122e\"><strong><em>Mitgliedern die im April<\/em><\/strong><\/p>\n\n\n\n<p class=\"has-text-align-center has-text-color has-medium-font-size\" style=\"color:#b7122e\"><strong><em>Geburtstag haben!<\/em><\/strong><\/p>\n\n\n\n<p class=\"has-text-align-center has-text-color has-medium-font-size\" style=\"color:#b7122e\"><strong><em>F\u00fcr das kommende Lebensjahr w\u00fcnschen wir alles Gute und viel Gesundheit!<\/em><\/strong><\/p>\n\n\n\n<hr class=\"wp-block-separator has-alpha-channel-opacity\"\/>\n\n\n\n<figure class=\"wp-block-image size-full\"><img loading=\"lazy\" decoding=\"async\" width=\"500\" height=\"332\" src=\"https:\/\/www.buergerverein-sundern.de\/wp-content\/uploads\/2026\/04\/Geb.-BVS.jpg\" alt=\"\" class=\"wp-image-1952\" srcset=\"https:\/\/www.buergerverein-sundern.de\/wp-content\/uploads\/2026\/04\/Geb.-BVS.jpg 500w, https:\/\/www.buergerverein-sundern.de\/wp-content\/uploads\/2026\/04\/Geb.-BVS-300x199.jpg 300w\" sizes=\"auto, (max-width: 500px) 100vw, 500px\" \/><\/figure>\n\n\n\n<p class=\"has-text-color has-link-color has-large-font-size wp-elements-0fb66b67a53d1313814297435094a202\" style=\"color:#00cc09\"><strong>Sundern bewegt sich!<\/strong><\/p>\n\n\n<div class=\"wp-block-image\">\n<figure class=\"aligncenter size-full is-resized\"><img loading=\"lazy\" decoding=\"async\" width=\"512\" height=\"430\" src=\"https:\/\/www.buergerverein-sundern.de\/wp-content\/uploads\/2022\/05\/smiley-face-clip-art-thumbs-up-free-clipart.jpg\" alt=\"\" class=\"wp-image-593\" style=\"width:256px;height:auto\" srcset=\"https:\/\/www.buergerverein-sundern.de\/wp-content\/uploads\/2022\/05\/smiley-face-clip-art-thumbs-up-free-clipart.jpg 512w, https:\/\/www.buergerverein-sundern.de\/wp-content\/uploads\/2022\/05\/smiley-face-clip-art-thumbs-up-free-clipart-300x252.jpg 300w\" sizes=\"auto, (max-width: 512px) 100vw, 512px\" \/><\/figure>\n<\/div>","protected":false},"excerpt":{"rendered":"<p>Herzlichen Gl\u00fcckwunsch zum Geburtstag! Der Vorstand gratuliert seinen Mitgliedern die im April Geburtstag haben! F\u00fcr das kommende Lebensjahr w\u00fcnschen wir alles Gute und viel Gesundheit! Sundern bewegt sich!<\/p>\n","protected":false},"author":1,"featured_media":0,"parent":0,"menu_order":0,"comment_status":"closed","ping_status":"closed","template":"","meta":{"footnotes":""},"class_list":["post-136","page","type-page","status-publish","hentry"],"_links":{"self":[{"href":"https:\/\/www.buergerverein-sundern.de\/index.php\/wp-json\/wp\/v2\/pages\/136","targetHints":{"allow":["GET"]}}],"collection":[{"href":"https:\/\/www.buergerverein-sundern.de\/index.php\/wp-json\/wp\/v2\/pages"}],"about":[{"href":"https:\/\/www.buergerverein-sundern.de\/index.php\/wp-json\/wp\/v2\/types\/page"}],"author":[{"embeddable":true,"href":"https:\/\/www.buergerverein-sundern.de\/index.php\/wp-json\/wp\/v2\/users\/1"}],"replies":[{"embeddable":true,"href":"https:\/\/www.buergerverein-sundern.de\/index.php\/wp-json\/wp\/v2\/comments?post=136"}],"version-history":[{"count":330,"href":"https:\/\/www.buergerverein-sundern.de\/index.php\/wp-json\/wp\/v2\/pages\/136\/revisions"}],"predecessor-version":[{"id":1955,"href":"https:\/\/www.buergerverein-sundern.de\/index.php\/wp-json\/wp\/v2\/pages\/136\/revisions\/1955"}],"wp:attachment":[{"href":"https:\/\/www.buergerverein-sundern.de\/index.php\/wp-json\/wp\/v2\/media?parent=136"}],"curies":[{"name":"wp","href":"https:\/\/api.w.org\/{rel}","templated":true}]}}