{"id":27,"date":"2020-04-03T13:40:12","date_gmt":"2020-04-03T13:40:12","guid":{"rendered":"https:\/\/www.buergerverein-sundern.de\/?page_id=27"},"modified":"2026-01-31T10:28:01","modified_gmt":"2026-01-31T10:28:01","slug":"impressum","status":"publish","type":"page","link":"https:\/\/www.buergerverein-sundern.de\/index.php\/impressum\/","title":{"rendered":"Impressum"},"content":{"rendered":"\n<p class=\"has-blue-color has-text-color has-large-font-size\">&#8222;B\u00fcrgerverein Sundern-G\u00fctersloh e.V.&#8220;<\/p>\n\n\n\n<p class=\"has-blue-color has-text-color has-link-color has-medium-font-size wp-elements-00ed81d53cdb89049e3ef508e37becf6\">Ist eingetragen im Vereinsregister des Amtsgerichtes G\u00fctersloh.<\/p>\n\n\n\n<p class=\"has-blue-color has-text-color has-link-color has-large-font-size wp-elements-92c57894d539b441c5bae8c738126553\">Nummer: VR 1799<\/p>\n\n\n\n<p class=\"has-blue-color has-text-color has-medium-font-size\">Auf der Haar 108 <\/p>\n\n\n\n<p class=\"has-blue-color has-text-color has-medium-font-size\">D-33332 G\u00fctersloh<\/p>\n\n\n\n<p class=\"has-blue-color has-text-color has-medium-font-size\">Te.: +49 (0) 05241-48619<\/p>\n\n\n\n<p class=\"has-blue-color has-text-color has-medium-font-size\">Steuer-Nr. 351\/5913\/9349<\/p>\n\n\n\n<p class=\"has-blue-color has-text-color has-medium-font-size\"><\/p>\n\n\n\n<p><\/p>\n\n\n\n<p>E-Mail: <strong>info@buergerverein-sundern.de<\/strong><\/p>\n\n\n\n<p>Mitglieder des Vorstandes:<\/p>\n\n\n\n<p>Hans-Joachim Nowark, Auf der Haar 108, G\u00fctersloh, Tel.: 05241-48619 <\/p>\n\n\n\n<p>Wilfried Gierhake, Auf der Reihe 30A, 33332 G\u00fctersloh, Tel.: 05241-904339<\/p>\n\n\n\n<p>Gaby Koci, Auf der Haar 108, 33332 G\u00fctersloh, Tel.: 05241-48619<\/p>\n\n\n\n<p>Peter Lemke, <em>Am H\u00fcttenbrink 41<\/em>, 33334 G\u00fctersloh, 05241-49401<\/p>\n\n\n\n<p>Monika Modrach, <em>Tulpenweg 14<\/em>, 33330 G\u00fctersloh, 05241-2326272<\/p>\n\n\n\n<p>Rainer Witte, Auf der Haar 110, 33332 G\u00fctersloh, Tel.: 05241-46148<\/p>\n\n\n\n<p>1. Inhalt des Onlineangebotes Der B\u00fcrgerverein \u00fcbernimmt keinerlei Gew\u00e4hr f\u00fcr die Aktualit\u00e4t, Korrektheit, Vollst\u00e4ndigkeit oder Qualit\u00e4t der bereitgestellten Informationen. Haftungsanspr\u00fcche gegen den B\u00fcrgerverein, welche sich auf Sch\u00e4den materieller oder ideeller Art beziehen, die durch die Nutzung oder Nichtnutzung der dargebotenen Informationen bzw. durch die Nutzung fehlerhafter und unvollst\u00e4ndiger Informationen verursacht wurden, sind grunds\u00e4tzlich ausgeschlossen, sofern seitens des B\u00fcrgervereins kein nachweislich vors\u00e4tzliches oder grob fahrl\u00e4ssiges Verschulden vorliegt. Alle Angebote sind freibleibend und unverbindlich. Der B\u00fcrgerverein beh\u00e4lt es sich ausdr\u00fccklich vor, Teile der Seiten oder das gesamte Angebot ohne gesonderte Ank\u00fcndigung zu ver\u00e4ndern, zu erg\u00e4nzen, zu l\u00f6schen oder die Ver\u00f6ffentlichung zeitweise oder endg\u00fcltig einzustellen.<\/p>\n\n\n\n<p>2. Verweise und Links Bei direkten oder indirekten Verweisen auf fremde Internetseiten (&#8222;Links&#8220;), die au\u00dferhalb des Verantwortungsbereiches des B\u00fcrgervereins liegen, w\u00fcrde eine Haftungsverpflichtung ausschlie\u00dflich in dem Fall in Kraft treten, in dem der B\u00fcrgerverein von den Inhalten Kenntnis hat und es ihm technisch m\u00f6glich und zumutbar w\u00e4re, die Nutzung im Falle rechtswidriger Inhalte zu verhindern. Der B\u00fcrgerverein erkl\u00e4rt hiermit ausdr\u00fccklich, dass zum Zeitpunkt der Linksetzung keine illegalen Inhalte auf den zu verlinkenden Seiten erkennbar waren. Auf die aktuelle und zuk\u00fcnftige Gestaltung, die Inhalte oder die Urheberschaft der gelinkten\/verkn\u00fcpften Seiten hat der B\u00fcrgerverein keinerlei Einfluss. Deshalb distanziert er sich hiermit ausdr\u00fccklich von allen Inhalten aller gelinkten \/verkn\u00fcpften Seiten, die nach der Linksetzung ver\u00e4ndert wurden. Diese Feststellung gilt f\u00fcr alle innerhalb des eigenen Internetangebotes gesetzten Links und Verweise sowie f\u00fcr Fremdeintr\u00e4ge in vom Autor eingerichteten G\u00e4steb\u00fcchern, Diskussionsforen und Mailinglisten. F\u00fcr illegale, fehlerhafte oder unvollst\u00e4ndige Inhalte und insbesondere f\u00fcr Sch\u00e4den, die aus der Nutzung oder Nichtnutzung solcherart dargebotener Informationen entstehen, haftet allein der Anbieter der Seite, auf welche verwiesen wurde, nicht derjenige, der \u00fcber Links auf die jeweilige Ver\u00f6ffentlichung lediglich verweist.<\/p>\n\n\n\n<p>3. Urheber- und Kennzeichenrecht Der B\u00fcrgerverein ist bestrebt, in allen Publikationen die Urheberrechte der verwendeten Grafiken, Tondokumente, Videosequenzen und Texte zu beachten, von ihm selbst erstellte Grafiken, Tondokumente, Videosequenzen und Texte zu nutzen oder auf lizenzfreie Grafiken, Tondokumente, Videosequenzen und Texte zur\u00fcckzugreifen. Alle innerhalb des Internetangebotes genannten und ggf. durch Dritte gesch\u00fctzten Marken- und Warenzeichen unterliegen uneingeschr\u00e4nkt den Bestimmungen des jeweils g\u00fcltigen Kennzeichenrechts und den Besitzrechten der jeweiligen eingetragenen Eigent\u00fcmer. Allein aufgrund der blo\u00dfen Nennung ist nicht der Schluss zu ziehen, dass Markenzeichen nicht durch Rechte Dritter gesch\u00fctzt sind! Das Copyright f\u00fcr ver\u00f6ffentlichte, vom B\u00fcrgerverein selbst erstellte Objekte bleibt allein beim B\u00fcrgerverein. Eine Vervielf\u00e4ltigung oder Verwendung solcher Grafiken, Tondokumente, Videosequenzen und Texte in anderen elektronischen oder gedruckten Publikationen ist ohne ausdr\u00fcckliche Zustimmung des B\u00fcrgervereins nicht gestattet.<\/p>\n\n\n\n<p>4. Datenschutz Sofern innerhalb des Internetangebotes die M\u00f6glichkeit zur Eingabe pers\u00f6nlicher oder gesch\u00e4ftlicher Daten (Emailadressen, Namen, Anschriften) besteht, so erfolgt die Preisgabe dieser Daten seitens des Nutzers auf ausdr\u00fccklich freiwilliger Basis. Der B\u00fcrgerverein gew\u00e4hrleistet die Sicherheit der Daten vor Verlust, Zerst\u00f6rung, Verf\u00e4lschung, Manipulation, unberechtigtem Zugriff und unberechtigter Offenlegung.<\/p>\n\n\n\n<p>5. Rechtswirksamkeit dieses Haftungsausschlusses Dieser Haftungsausschluss ist als Teil des Internetangebotes zu betrachten, von dem aus auf diese Seite verwiesen wurde. Sofern Teile oder einzelne Formulierungen dieses Textes der geltenden Rechtslage nicht, nicht mehr oder nicht vollst\u00e4ndig entsprechen sollten, bleiben die \u00fcbrigen Teile des Dokumentes in ihrem Inhalt und ihrer G\u00fcltigkeit davon unber\u00fchrt.<\/p>\n","protected":false},"excerpt":{"rendered":"<p>&#8222;B\u00fcrgerverein Sundern-G\u00fctersloh e.V.&#8220; Ist eingetragen im Vereinsregister des Amtsgerichtes G\u00fctersloh. Nummer: VR 1799 Auf der Haar 108 D-33332 G\u00fctersloh Te.: +49 (0) 05241-48619 Steuer-Nr. 351\/5913\/9349 E-Mail: info@buergerverein-sundern.de Mitglieder des Vorstandes: Hans-Joachim Nowark, Auf der Haar 108, G\u00fctersloh, Tel.: 05241-48619 Wilfried &hellip; <a href=\"https:\/\/www.buergerverein-sundern.de\/index.php\/impressum\/\">Weiterlesen <span class=\"meta-nav\">&rarr;<\/span><\/a><\/p>\n","protected":false},"author":1,"featured_media":0,"parent":0,"menu_order":0,"comment_status":"closed","ping_status":"closed","template":"","meta":{"footnotes":""},"class_list":["post-27","page","type-page","status-publish","hentry"],"_links":{"self":[{"href":"https:\/\/www.buergerverein-sundern.de\/index.php\/wp-json\/wp\/v2\/pages\/27","targetHints":{"allow":["GET"]}}],"collection":[{"href":"https:\/\/www.buergerverein-sundern.de\/index.php\/wp-json\/wp\/v2\/pages"}],"about":[{"href":"https:\/\/www.buergerverein-sundern.de\/index.php\/wp-json\/wp\/v2\/types\/page"}],"author":[{"embeddable":true,"href":"https:\/\/www.buergerverein-sundern.de\/index.php\/wp-json\/wp\/v2\/users\/1"}],"replies":[{"embeddable":true,"href":"https:\/\/www.buergerverein-sundern.de\/index.php\/wp-json\/wp\/v2\/comments?post=27"}],"version-history":[{"count":16,"href":"https:\/\/www.buergerverein-sundern.de\/index.php\/wp-json\/wp\/v2\/pages\/27\/revisions"}],"predecessor-version":[{"id":1884,"href":"https:\/\/www.buergerverein-sundern.de\/index.php\/wp-json\/wp\/v2\/pages\/27\/revisions\/1884"}],"wp:attachment":[{"href":"https:\/\/www.buergerverein-sundern.de\/index.php\/wp-json\/wp\/v2\/media?parent=27"}],"curies":[{"name":"wp","href":"https:\/\/api.w.org\/{rel}","templated":true}]}}